{"id":1039,"date":"2025-10-12T15:51:54","date_gmt":"2025-10-12T13:51:54","guid":{"rendered":"https:\/\/salon-laura.com\/?page_id=1039"},"modified":"2025-10-12T17:24:11","modified_gmt":"2025-10-12T15:24:11","slug":"szkolenia-z-kosmetologii","status":"publish","type":"page","link":"https:\/\/salon-laura.com\/?page_id=1039","title":{"rendered":"SZKOLENIA  z Kosmetologii"},"content":{"rendered":"\n<p class=\"has-text-align-center has-ast-global-color-8-color has-text-color has-link-color wp-elements-9b4273f8f8170bdb40001685a3be3445\"> <strong>    Nasza firma rozszerza dzia\u0142alno\u015b\u0107 o organizacj\u0119 profesjonalnych szkole\u0144 kosmetologicznych oraz stylizacji paznokci. Program zosta\u0142 opracowany w oparciu o najnowsze standardy bran\u017cowe i obejmuje zar\u00f3wno podstawowe zagadnienia piel\u0119gnacyjne jak i specjalistyczne techniki zabiegowe.<\/strong><\/p>\n\n\n\n<p class=\"has-text-align-center\"><strong>Szkolenia prowadzone s\u0105 przez wykwalifiikowanych ekspert\u00f3w, a uczestnicy otrzymaj\u0105 certyfikat potwierdzaj\u0105cy zdobyte kompetencje. Naszym celem jest wspieranie rozwoju zawodowego i podnoszenie kwalifikacji os\u00f3b zwi\u0105zanych z bran\u017c\u0105 beauty.<\/strong><\/p>\n\n\n\n<p><strong>Ruszamy ze szkoleniami kosmetologicznymi oraz stylizacji paznokci.<\/strong><\/p>\n\n\n\n<p><strong>Chcesz rozwin\u0105\u0107 swoje umiej\u0119tno\u015bci i zdoby\u0107 nowe kwalifikacje w bran\u017cy beauty? TERAZ to mo\u017cliwe ! Nasze szkolenia to:<\/strong><\/p>\n\n\n\n<ul class=\"wp-block-list\">\n<li><strong>praktyczna wiedza<\/strong><\/li>\n\n\n\n<li><strong>do\u015bwiadczeni trenerzy<\/strong><\/li>\n\n\n\n<li><strong>certyfikat po uko\u0144czeniu<\/strong><\/li>\n<\/ul>\n\n\n\n<p><\/p>\n\n\n\n<p class=\"has-medium-font-size\"><strong>Nie czekaj &#8211; liczba miejsc jest ograniczona !<\/strong><\/p>\n\n\n\n<p><strong>ZAPISZ si\u0119 ju\u017c DZI\u015a i postaw krok w stron\u0119 zawodowego sukcesu !<\/strong><\/p>\n\n\n\n<p id=\"szkolenia\"><\/p>\n","protected":false},"excerpt":{"rendered":"<p>Nasza firma rozszerza dzia\u0142alno\u015b\u0107 o organizacj\u0119 profesjonalnych szkole\u0144 kosmetologicznych oraz stylizacji paznokci. Program zosta\u0142 opracowany w oparciu o najnowsze standardy bran\u017cowe i obejmuje zar\u00f3wno podstawowe zagadnienia piel\u0119gnacyjne jak i specjalistyczne techniki zabiegowe. Szkolenia prowadzone s\u0105 przez wykwalifiikowanych ekspert\u00f3w, a uczestnicy otrzymaj\u0105 certyfikat potwierdzaj\u0105cy zdobyte kompetencje. Naszym celem jest wspieranie rozwoju zawodowego i podnoszenie kwalifikacji os\u00f3b &hellip;<\/p>\n<p class=\"read-more\"> <a class=\"\" href=\"https:\/\/salon-laura.com\/?page_id=1039\"> <span class=\"screen-reader-text\">SZKOLENIA  z Kosmetologii<\/span> Read More &raquo;<\/a><\/p>\n","protected":false},"author":2,"featured_media":0,"parent":0,"menu_order":0,"comment_status":"closed","ping_status":"closed","template":"","meta":{"site-sidebar-layout":"default","site-content-layout":"default","ast-global-header-display":"","ast-main-header-display":"","ast-hfb-above-header-display":"","ast-hfb-below-header-display":"","ast-hfb-mobile-header-display":"","site-post-title":"","ast-breadcrumbs-content":"","ast-featured-img":"","footer-sml-layout":"","theme-transparent-header-meta":"","adv-header-id-meta":"","stick-header-meta":"","header-above-stick-meta":"","header-main-stick-meta":"","header-below-stick-meta":"","footnotes":""},"class_list":["post-1039","page","type-page","status-publish","hentry"],"_links":{"self":[{"href":"https:\/\/salon-laura.com\/index.php?rest_route=\/wp\/v2\/pages\/1039","targetHints":{"allow":["GET"]}}],"collection":[{"href":"https:\/\/salon-laura.com\/index.php?rest_route=\/wp\/v2\/pages"}],"about":[{"href":"https:\/\/salon-laura.com\/index.php?rest_route=\/wp\/v2\/types\/page"}],"author":[{"embeddable":true,"href":"https:\/\/salon-laura.com\/index.php?rest_route=\/wp\/v2\/users\/2"}],"replies":[{"embeddable":true,"href":"https:\/\/salon-laura.com\/index.php?rest_route=%2Fwp%2Fv2%2Fcomments&post=1039"}],"version-history":[{"count":4,"href":"https:\/\/salon-laura.com\/index.php?rest_route=\/wp\/v2\/pages\/1039\/revisions"}],"predecessor-version":[{"id":1064,"href":"https:\/\/salon-laura.com\/index.php?rest_route=\/wp\/v2\/pages\/1039\/revisions\/1064"}],"wp:attachment":[{"href":"https:\/\/salon-laura.com\/index.php?rest_route=%2Fwp%2Fv2%2Fmedia&parent=1039"}],"curies":[{"name":"wp","href":"https:\/\/api.w.org\/{rel}","templated":true}]}}