{"id":234,"date":"2022-12-13T20:18:48","date_gmt":"2022-12-13T19:18:48","guid":{"rendered":"http:\/\/salon-laura.com\/?page_id=234"},"modified":"2023-11-13T20:15:24","modified_gmt":"2023-11-13T19:15:24","slug":"twarz","status":"publish","type":"page","link":"https:\/\/salon-laura.com\/?page_id=234","title":{"rendered":"Twarz"},"content":{"rendered":"\n<p>Zabiegi na twarz s\u0105 bardzo popularne w dzisiejszych czasach i oferowane s\u0105 w salonach kosmetycznych oraz gabinetach dermatologicznych. Zabiegi te maj\u0105 na celu poprawi\u0107 wygl\u0105d sk\u00f3ry twarzy, usuwaj\u0105c zmarszczki, przebarwienia, blizny oraz poprawiaj\u0105c kondycj\u0119 sk\u00f3ry.<\/p>\n\n\n\n<p>Jednym z popularnych zabieg\u00f3w na twarz jest peeling chemiczny. Polega on na na\u0142o\u017ceniu na sk\u00f3r\u0119 twarzy specjalnego preparatu, kt\u00f3ry rozpuszcza martwe kom\u00f3rki nask\u00f3rka i pobudza proces regeneracji sk\u00f3ry. Peeling chemiczny jest skuteczny w walce z bliznami potr\u0105dzikowymi, przebarwieniami i drobnymi zmarszczkami.<\/p>\n\n\n\n<p>Innym popularnym zabiegiem jest mezoterapia ig\u0142owa. Polega ona na wprowadzeniu w sk\u00f3r\u0119 twarzy specjalnego koktajlu witamin, minera\u0142\u00f3w i kwasu hialuronowego za pomoc\u0105 ig\u0142y. Zabieg ten pobudza produkcj\u0119 kolagenu i elastyny, co poprawia kondycj\u0119 sk\u00f3ry, uj\u0119drnia j\u0105 i zmniejsza widoczno\u015b\u0107 zmarszczek.<\/p>\n\n\n\n<p>Zabiegi laserowe r\u00f3wnie\u017c s\u0105 cz\u0119sto wykorzystywane w dermatologii estetycznej. Laserowe usuwanie blizn, przebarwie\u0144, a tak\u017ce fotoodm\u0142adzanie sk\u00f3ry to tylko niekt\u00f3re z zabieg\u00f3w, kt\u00f3re oferuje medycyna estetyczna.<\/p>\n\n\n\n<div class=\"inherit-container-width wp-block-group is-layout-constrained wp-block-group-is-layout-constrained\">\n<figure class=\"wp-block-gallery has-nested-images columns-default is-cropped wp-block-gallery-1 is-layout-flex wp-block-gallery-is-layout-flex\">\n<figure class=\"wp-block-image size-full\"><img fetchpriority=\"high\" decoding=\"async\" width=\"429\" height=\"300\" data-id=\"778\" src=\"https:\/\/salon-laura.com\/wp-content\/uploads\/2023\/04\/received_517231690057189.jpeg\" alt=\"twarz\" class=\"wp-image-778\" srcset=\"https:\/\/salon-laura.com\/wp-content\/uploads\/2023\/04\/received_517231690057189.jpeg 429w, https:\/\/salon-laura.com\/wp-content\/uploads\/2023\/04\/received_517231690057189-300x210.jpeg 300w\" sizes=\"(max-width: 429px) 100vw, 429px\" \/><\/figure>\n<\/figure>\n<\/div>\n\n\n\n<p>Istnieje r\u00f3wnie\u017c wiele innych zabieg\u00f3w na twarz, takich jak mikrodermabrazja, dermapen czy wype\u0142nianie zmarszczek kwasem hialuronowym, kt\u00f3re s\u0105 skuteczne w poprawie wygl\u0105du sk\u00f3ry twarzy. Wa\u017cne jest jednak, aby wybiera\u0107 zabiegi odpowiednie dla swojego typu sk\u00f3ry i indywidualnych potrzeb. Przed podj\u0119ciem decyzji o zabiegu na twarz zawsze warto skonsultowa\u0107 si\u0119 z do\u015bwiadczonym dermatologiem lub kosmetologiem.<\/p>\n\n\n\n<div class=\"wp-block-columns is-layout-flex wp-container-core-columns-is-layout-28f84493 wp-block-columns-is-layout-flex\">\n<div class=\"wp-block-column is-layout-flow wp-block-column-is-layout-flow\" style=\"flex-basis:100%\">\n<div class=\"wp-block-cover is-light\"><span aria-hidden=\"true\" class=\"wp-block-cover__background has-background-dim\"><\/span><img decoding=\"async\" width=\"354\" height=\"300\" class=\"wp-block-cover__image-background wp-image-776\" alt=\"\" src=\"https:\/\/salon-laura.com\/wp-content\/uploads\/2023\/04\/received_3544236925673060.jpeg\" data-object-fit=\"cover\" srcset=\"https:\/\/salon-laura.com\/wp-content\/uploads\/2023\/04\/received_3544236925673060.jpeg 354w, https:\/\/salon-laura.com\/wp-content\/uploads\/2023\/04\/received_3544236925673060-300x254.jpeg 300w\" sizes=\"(max-width: 354px) 100vw, 354px\" \/><div class=\"wp-block-cover__inner-container is-layout-flow wp-block-cover-is-layout-flow\">\n<p class=\"has-text-align-center has-large-font-size\"><\/p>\n<\/div><\/div>\n<\/div>\n<\/div>\n\n\n\n<p>Zabiegi na cia\u0142o nawil\u017caja sk\u00f3re, likwiduj\u0105 celulit oraz rozst\u0119py<\/p>\n\n\n\n<iframe src=\"https:\/\/www.facebook.com\/plugins\/video.php?height=476&#038;href=https%3A%2F%2Fwww.facebook.com%2Fsalon.laura.wloclawek%2Fvideos%2F423611442917060%2F&#038;show_text=false&#038;width=267&#038;t=0\" width=\"267\" height=\"476\" style=\"border:none;overflow:hidden\" scrolling=\"no\" frameborder=\"0\" allowfullscreen=\"true\" allow=\"autoplay; clipboard-write; encrypted-media; picture-in-picture; web-share\" allowFullScreen=\"true\"><\/iframe>\n","protected":false},"excerpt":{"rendered":"<p>Zabiegi na twarz s\u0105 bardzo popularne w dzisiejszych czasach i oferowane s\u0105 w salonach kosmetycznych oraz gabinetach dermatologicznych. Zabiegi te maj\u0105 na celu poprawi\u0107 wygl\u0105d sk\u00f3ry twarzy, usuwaj\u0105c zmarszczki, przebarwienia, blizny oraz poprawiaj\u0105c kondycj\u0119 sk\u00f3ry. Jednym z popularnych zabieg\u00f3w na twarz jest peeling chemiczny. Polega on na na\u0142o\u017ceniu na sk\u00f3r\u0119 twarzy specjalnego preparatu, kt\u00f3ry rozpuszcza &hellip;<\/p>\n<p class=\"read-more\"> <a class=\"\" href=\"https:\/\/salon-laura.com\/?page_id=234\"> <span class=\"screen-reader-text\">Twarz<\/span> Read More &raquo;<\/a><\/p>\n","protected":false},"author":1,"featured_media":0,"parent":0,"menu_order":0,"comment_status":"closed","ping_status":"closed","template":"","meta":{"site-sidebar-layout":"default","site-content-layout":"default","ast-global-header-display":"","ast-main-header-display":"","ast-hfb-above-header-display":"","ast-hfb-below-header-display":"","ast-hfb-mobile-header-display":"","site-post-title":"","ast-breadcrumbs-content":"","ast-featured-img":"","footer-sml-layout":"","theme-transparent-header-meta":"","adv-header-id-meta":"","stick-header-meta":"","header-above-stick-meta":"","header-main-stick-meta":"","header-below-stick-meta":"","footnotes":""},"class_list":["post-234","page","type-page","status-publish","hentry"],"_links":{"self":[{"href":"https:\/\/salon-laura.com\/index.php?rest_route=\/wp\/v2\/pages\/234","targetHints":{"allow":["GET"]}}],"collection":[{"href":"https:\/\/salon-laura.com\/index.php?rest_route=\/wp\/v2\/pages"}],"about":[{"href":"https:\/\/salon-laura.com\/index.php?rest_route=\/wp\/v2\/types\/page"}],"author":[{"embeddable":true,"href":"https:\/\/salon-laura.com\/index.php?rest_route=\/wp\/v2\/users\/1"}],"replies":[{"embeddable":true,"href":"https:\/\/salon-laura.com\/index.php?rest_route=%2Fwp%2Fv2%2Fcomments&post=234"}],"version-history":[{"count":5,"href":"https:\/\/salon-laura.com\/index.php?rest_route=\/wp\/v2\/pages\/234\/revisions"}],"predecessor-version":[{"id":954,"href":"https:\/\/salon-laura.com\/index.php?rest_route=\/wp\/v2\/pages\/234\/revisions\/954"}],"wp:attachment":[{"href":"https:\/\/salon-laura.com\/index.php?rest_route=%2Fwp%2Fv2%2Fmedia&parent=234"}],"curies":[{"name":"wp","href":"https:\/\/api.w.org\/{rel}","templated":true}]}}