{"id":242,"date":"2022-12-13T20:20:37","date_gmt":"2022-12-13T19:20:37","guid":{"rendered":"http:\/\/salon-laura.com\/?page_id=242"},"modified":"2023-04-06T18:37:03","modified_gmt":"2023-04-06T16:37:03","slug":"makijaz-permanentny","status":"publish","type":"page","link":"https:\/\/salon-laura.com\/?page_id=242","title":{"rendered":"Makijaz permanentny"},"content":{"rendered":"\t\t<div data-elementor-type=\"wp-page\" data-elementor-id=\"242\" class=\"elementor elementor-242\">\n\t\t\t\t\t\t<section class=\"elementor-section elementor-top-section elementor-element elementor-element-fca24d5 elementor-section-boxed elementor-section-height-default elementor-section-height-default wpr-particle-no wpr-jarallax-no wpr-parallax-no wpr-sticky-section-no\" data-id=\"fca24d5\" data-element_type=\"section\" data-settings=\"{&quot;background_background&quot;:&quot;classic&quot;}\">\n\t\t\t\t\t\t<div class=\"elementor-container elementor-column-gap-default\">\n\t\t\t\t\t<div class=\"elementor-column elementor-col-100 elementor-top-column elementor-element elementor-element-d64e680\" data-id=\"d64e680\" data-element_type=\"column\">\n\t\t\t<div class=\"elementor-widget-wrap\">\n\t\t\t\t\t\t\t<\/div>\n\t\t<\/div>\n\t\t\t\t\t<\/div>\n\t\t<\/section>\n\t\t\t\t<section class=\"elementor-section elementor-top-section elementor-element elementor-element-9a2ac19 elementor-section-boxed elementor-section-height-default elementor-section-height-default wpr-particle-no wpr-jarallax-no wpr-parallax-no wpr-sticky-section-no\" data-id=\"9a2ac19\" data-element_type=\"section\">\n\t\t\t\t\t\t<div class=\"elementor-container elementor-column-gap-default\">\n\t\t\t\t\t<div class=\"elementor-column elementor-col-100 elementor-top-column elementor-element elementor-element-31af9a9\" data-id=\"31af9a9\" data-element_type=\"column\">\n\t\t\t<div class=\"elementor-widget-wrap\">\n\t\t\t\t\t\t\t<\/div>\n\t\t<\/div>\n\t\t\t\t\t<\/div>\n\t\t<\/section>\n\t\t\t\t<section class=\"elementor-section elementor-top-section elementor-element elementor-element-42cf936 elementor-section-boxed elementor-section-height-default elementor-section-height-default wpr-particle-no wpr-jarallax-no wpr-parallax-no wpr-sticky-section-no\" data-id=\"42cf936\" data-element_type=\"section\">\n\t\t\t\t\t\t<div class=\"elementor-container elementor-column-gap-default\">\n\t\t\t\t\t<div class=\"elementor-column elementor-col-50 elementor-top-column elementor-element elementor-element-aea919d\" data-id=\"aea919d\" data-element_type=\"column\">\n\t\t\t<div class=\"elementor-widget-wrap elementor-element-populated\">\n\t\t\t\t\t\t<div class=\"elementor-element elementor-element-ac32007 elementor-widget elementor-widget-premium-addon-fancy-text\" data-id=\"ac32007\" data-element_type=\"widget\" data-widget_type=\"premium-addon-fancy-text.default\">\n\t\t\t\t<div class=\"elementor-widget-container\">\n\t\t\t\t\t<div class=\"premium-fancy-text-wrapper typing  \" data-settings=\"{&quot;effect&quot;:&quot;typing&quot;,&quot;strings&quot;:[&quot;Nowa&quot;,&quot;Opatentowana&quot;],&quot;typeSpeed&quot;:100,&quot;backSpeed&quot;:30,&quot;startDelay&quot;:30,&quot;backDelay&quot;:30,&quot;showCursor&quot;:true,&quot;cursorChar&quot;:&quot;|&quot;,&quot;loop&quot;:true,&quot;loading&quot;:&quot;&quot;}\">\r\n\t\t\t\t\t\t\t<span class=\"premium-prefix-text\">\r\n\t\t\t\t\t<span >Metoda pi\u00f3rkowa <\/span>\r\n\t\t\t\t<\/span>\r\n\t\t\t\r\n\t\t\t\t\t<span id=\"premium-fancy-text-ac32007\" class=\"premium-fancy-text\"><\/span>\r\n\t\t\t\t\t\t\t<span class=\"premium-suffix-text\">\r\n\t\t\t\t<span >technologia<\/span>\r\n\t\t\t<\/span>\r\n\t\t\t<\/div>\r\n\t\t\t\t<\/div>\n\t\t\t\t<\/div>\n\t\t\t\t<div class=\"elementor-element elementor-element-140c573 elementor-widget elementor-widget-elementskit-heading\" data-id=\"140c573\" data-element_type=\"widget\" data-widget_type=\"elementskit-heading.default\">\n\t\t\t\t<div class=\"elementor-widget-container\">\n\t\t\t<div class=\"ekit-wid-con\" ><div class=\"ekit-heading elementskit-section-title-wraper center   ekit_heading_tablet-   ekit_heading_mobile-\"><h2 class=\"ekit-heading--title elementskit-section-title \">Makija\u017c permanentny\u00a0brwi i ust<\/h2><div class=\"ekit_heading_separetor_wraper ekit_heading_elementskit-border-divider\"><div class=\"elementskit-border-divider\"><\/div><\/div><\/div><\/div>\t\t<\/div>\n\t\t\t\t<\/div>\n\t\t\t\t<div class=\"elementor-element elementor-element-4c8520c elementor-widget elementor-widget-image\" data-id=\"4c8520c\" data-element_type=\"widget\" data-widget_type=\"image.default\">\n\t\t\t\t<div class=\"elementor-widget-container\">\n\t\t\t<style>\/*! elementor - v3.21.0 - 26-05-2024 *\/\n.elementor-widget-image{text-align:center}.elementor-widget-image a{display:inline-block}.elementor-widget-image a img[src$=\".svg\"]{width:48px}.elementor-widget-image img{vertical-align:middle;display:inline-block}<\/style>\t\t\t\t\t\t\t\t\t\t<img fetchpriority=\"high\" decoding=\"async\" width=\"250\" height=\"200\" src=\"https:\/\/salon-laura.com\/wp-content\/uploads\/2022\/12\/2.png\" class=\"attachment-large size-large wp-image-327\" alt=\"metody-rzes\" \/>\t\t\t\t\t\t\t\t\t\t\t\t\t<\/div>\n\t\t\t\t<\/div>\n\t\t\t\t<div class=\"elementor-element elementor-element-3e44ba3 elementor-widget elementor-widget-text-editor\" data-id=\"3e44ba3\" data-element_type=\"widget\" data-widget_type=\"text-editor.default\">\n\t\t\t\t<div class=\"elementor-widget-container\">\n\t\t\t<style>\/*! elementor - v3.21.0 - 26-05-2024 *\/\n.elementor-widget-text-editor.elementor-drop-cap-view-stacked .elementor-drop-cap{background-color:#69727d;color:#fff}.elementor-widget-text-editor.elementor-drop-cap-view-framed .elementor-drop-cap{color:#69727d;border:3px solid;background-color:transparent}.elementor-widget-text-editor:not(.elementor-drop-cap-view-default) .elementor-drop-cap{margin-top:8px}.elementor-widget-text-editor:not(.elementor-drop-cap-view-default) .elementor-drop-cap-letter{width:1em;height:1em}.elementor-widget-text-editor .elementor-drop-cap{float:left;text-align:center;line-height:1;font-size:50px}.elementor-widget-text-editor .elementor-drop-cap-letter{display:inline-block}<\/style>\t\t\t\t<p>Makija\u017c permanentny jest alternatyw\u0105 dla tradycyjnego makija\u017cu. Umo\u017cliwia on skorygowanie linii ust,\u00a0ich uwydatnienie i powi\u0119kszenie oraz wype\u0142nienie dowolnym kolorem.\u00a0Makija\u017c permanentny\u00a0s\u0142u\u017cy r\u00f3wnie\u017c do korekty brwi i linii oczu. Urz\u0105dzenia do makija\u017cu permanentnego mog\u0105 r\u00f3wnie\u017c s\u0142u\u017cy\u0107 do wykonania biotatua\u017cu.\u00a0Makija\u017c\u00a0permanentny\u00a0gwarantuje d\u0142ugoletni efekt upi\u0119kszaj\u0105cy, a jego podstaw\u0119 stanowi podsk\u00f3rna implantacja pigmentu na g\u0142\u0119boko\u015b\u0107 od 0,6 mm do 1,2 mm. Kosmetycznym celem makija\u017cu permanentnego jest spe\u0142nienie \u017cycze\u0144 Klienta w taki spos\u00f3b, aby wynik ostateczny podkre\u015bla\u0142 jego naturaln\u0105 urod\u0119 lub korygowa\u0142 drobne niedoskona\u0142o\u015bci.\u00a0<span style=\"background-color: var(--ast-global-color-5); color: var( --e-global-color-text ); font-family: var( --e-global-typography-text-font-family ), Sans-serif; font-style: inherit; font-weight: inherit;\">Makija\u017c permanentny\u00a0powinien pozostawa\u0107 w harmonii z naturalnymi rysami twarzy, wiec nale\u017cy dok\u0142adnie dopasowa\u0107 barw\u0119, odcie\u0144 i intensywno\u015b\u0107 pigmentu. Tu\u017c po zabiegu pigment w sk\u00f3rze jest ciemniejszy, a po kilku dniach blednie o oko\u0142o 40-50%.<\/span>Makija\u017c permanentny utrzymuje si\u0119 na sk\u00f3rze oko\u0142o trzech lat. Wp\u0142yw na trwa\u0142o\u015b\u0107 makija\u017cu ma jednak wiele czynnik\u00f3w, z kt\u00f3rych najistotniejszym jest uk\u0142ad odporno\u015bciowy Klientki.<span style=\"color: var( --e-global-color-text ); font-family: var( --e-global-typography-text-font-family ), Sans-serif; font-weight: var( --e-global-typography-text-font-weight ); background-color: var(--ast-global-color-5); font-size: 1rem;\">\u00a0<\/span><span style=\"background-color: var(--ast-global-color-5); color: var( --e-global-color-text ); font-family: var( --e-global-typography-text-font-family ), Sans-serif; font-style: inherit; font-weight: inherit;\"><br \/><\/span><\/p><p><span style=\"color: var( --e-global-color-text ); font-family: var( --e-global-typography-text-font-family ), Sans-serif; font-size: 1rem; background-color: var(--ast-global-color-5); font-weight: bolder;\">Pigment<\/span><span style=\"color: var( --e-global-color-text ); font-family: var( --e-global-typography-text-font-family ), Sans-serif; font-size: 1rem; font-weight: var( --e-global-typography-text-font-weight ); background-color: var(--ast-global-color-5);\">\u00a0jest miniimplantem, na kt\u00f3rego obecno\u015b\u0107 organizm mo\u017ce r\u00f3\u017cnie reagowa\u0107. Trwa\u0142o\u015b\u0107 makija\u017cu zmniejszaj\u0105 r\u00f3wnie\u017c wszystkie czynniki, kt\u00f3re przyspieszaj\u0105 proces odnowy kom\u00f3rkowej (np. cz\u0119ste wystawianie sk\u00f3ry na dzia\u0142anie promieni s\u0142onecznych). U Klientek w starszym wieku proces regeneracji kom\u00f3rek jest wolniejszy, dzi\u0119ki temu makija\u017c utrzymuje si\u0119 d\u0142u\u017cej.<\/span><span style=\"color: var( --e-global-color-text ); font-family: var( --e-global-typography-text-font-family ), Sans-serif; font-weight: var( --e-global-typography-text-font-weight ); background-color: var(--ast-global-color-5); font-size: 1rem;\"><br \/><\/span><\/p>\t\t\t\t\t\t<\/div>\n\t\t\t\t<\/div>\n\t\t\t\t\t<\/div>\n\t\t<\/div>\n\t\t\t\t<div class=\"elementor-column elementor-col-50 elementor-top-column elementor-element elementor-element-b16a1d2\" data-id=\"b16a1d2\" data-element_type=\"column\">\n\t\t\t<div class=\"elementor-widget-wrap elementor-element-populated\">\n\t\t\t\t\t\t<div class=\"elementor-element elementor-element-b692455 elementor-widget elementor-widget-image\" data-id=\"b692455\" data-element_type=\"widget\" data-widget_type=\"image.default\">\n\t\t\t\t<div class=\"elementor-widget-container\">\n\t\t\t\t\t\t\t\t\t\t\t\t\t<img decoding=\"async\" width=\"828\" height=\"868\" src=\"https:\/\/salon-laura.com\/wp-content\/uploads\/2023\/04\/received_244264607972978.jpeg\" class=\"attachment-large size-large wp-image-736\" alt=\"kreska makija\u017c pernametny\" srcset=\"https:\/\/salon-laura.com\/wp-content\/uploads\/2023\/04\/received_244264607972978.jpeg 828w, https:\/\/salon-laura.com\/wp-content\/uploads\/2023\/04\/received_244264607972978-286x300.jpeg 286w, https:\/\/salon-laura.com\/wp-content\/uploads\/2023\/04\/received_244264607972978-768x805.jpeg 768w\" sizes=\"(max-width: 828px) 100vw, 828px\" \/>\t\t\t\t\t\t\t\t\t\t\t\t\t<\/div>\n\t\t\t\t<\/div>\n\t\t\t\t<div class=\"elementor-element elementor-element-7d143e4 elementor-widget elementor-widget-text-editor\" data-id=\"7d143e4\" data-element_type=\"widget\" data-widget_type=\"text-editor.default\">\n\t\t\t\t<div class=\"elementor-widget-container\">\n\t\t\t\t\t\t\t<p><strong>Makija\u017c permanentny metoda pi\u00f3rkowa TAFFY oraz maszynowa metoda ODED<\/strong><\/p><p>Makija\u017c permanentny wykonany naszymi metodami jest w najwy\u017cszym stopniu komfortowy, daje maksimum zadowolenia i najwspanialsze z mo\u017cliwych efekty. Dzi\u0119ki naszym opatentowanym<strong>\u00a0metodom \u00a0makija\u017cu permanentnego<\/strong>:<\/p><ul><li><a title=\"urz\u0105dzenie do makija\u017cu brwi\" href=\"http:\/\/www.szwedogroup.eu\/reczna_metoda_piorkowa_taffy.html\">brwi<\/a>\u00a0i kresek\u00a0<strong>metod\u0105 r\u0119czn\u0105 pi\u00f3rkow\u0105<\/strong>\u00a0TAFFY &#8211; uzyskujemy niezwykle realistyczny obraz brwi nie w formie plam, ale pojedynczych w\u0142osk\u00f3w oraz bezpieczn\u0105 pigmentacj\u0119 kresek na powiekach.<\/li><li><a title=\"Makija\u017c permanentny ust, kresek i brwi - urz\u0105dzenie - zestaw ODED\" href=\"http:\/\/www.szwedogroup.eu\/metoda_maszynowa_oded.html\">ust<\/a>, kresek i brwi metod\u0105 maszynow\u0105 ODED &#8211; zwi\u0119kszamy ilo\u015b\u0107 wprowadzanego pigmentu, podnosz\u0105c jako\u015b\u0107 pigmentacji oraz \u00a0redukuj\u0105c czas zabiegu i b\u00f3lu!<\/li><\/ul>\t\t\t\t\t\t<\/div>\n\t\t\t\t<\/div>\n\t\t\t\t\t<\/div>\n\t\t<\/div>\n\t\t\t\t\t<\/div>\n\t\t<\/section>\n\t\t\t\t<section class=\"elementor-section elementor-top-section elementor-element elementor-element-8af1f7b elementor-section-boxed elementor-section-height-default elementor-section-height-default wpr-particle-no wpr-jarallax-no wpr-parallax-no wpr-sticky-section-no\" data-id=\"8af1f7b\" data-element_type=\"section\">\n\t\t\t\t\t\t<div class=\"elementor-container elementor-column-gap-default\">\n\t\t\t\t\t<div class=\"elementor-column elementor-col-33 elementor-top-column elementor-element elementor-element-94e981a\" data-id=\"94e981a\" data-element_type=\"column\">\n\t\t\t<div class=\"elementor-widget-wrap elementor-element-populated\">\n\t\t\t\t\t\t<div class=\"elementor-element elementor-element-37564b2 elementor-widget elementor-widget-image\" data-id=\"37564b2\" data-element_type=\"widget\" data-widget_type=\"image.default\">\n\t\t\t\t<div class=\"elementor-widget-container\">\n\t\t\t\t\t\t\t\t\t\t\t\t\t<img decoding=\"async\" width=\"768\" height=\"765\" src=\"https:\/\/salon-laura.com\/wp-content\/uploads\/2023\/04\/received_169230299007472.jpeg\" class=\"attachment-large size-large wp-image-737\" alt=\"kreska makija\u017c pernametny\" srcset=\"https:\/\/salon-laura.com\/wp-content\/uploads\/2023\/04\/received_169230299007472.jpeg 768w, https:\/\/salon-laura.com\/wp-content\/uploads\/2023\/04\/received_169230299007472-300x300.jpeg 300w, https:\/\/salon-laura.com\/wp-content\/uploads\/2023\/04\/received_169230299007472-150x150.jpeg 150w\" sizes=\"(max-width: 768px) 100vw, 768px\" \/>\t\t\t\t\t\t\t\t\t\t\t\t\t<\/div>\n\t\t\t\t<\/div>\n\t\t\t\t\t<\/div>\n\t\t<\/div>\n\t\t\t\t<div class=\"elementor-column elementor-col-33 elementor-top-column elementor-element elementor-element-d1139aa\" data-id=\"d1139aa\" data-element_type=\"column\">\n\t\t\t<div class=\"elementor-widget-wrap elementor-element-populated\">\n\t\t\t\t\t\t<div class=\"elementor-element elementor-element-9a60be5 elementor-widget elementor-widget-image\" data-id=\"9a60be5\" data-element_type=\"widget\" data-widget_type=\"image.default\">\n\t\t\t\t<div class=\"elementor-widget-container\">\n\t\t\t\t\t\t\t\t\t\t\t\t\t<img loading=\"lazy\" decoding=\"async\" width=\"300\" height=\"296\" src=\"https:\/\/salon-laura.com\/wp-content\/uploads\/2023\/04\/received_1613451945820505.jpeg\" class=\"attachment-large size-large wp-image-738\" alt=\"kreska makija\u017c pernametny\" \/>\t\t\t\t\t\t\t\t\t\t\t\t\t<\/div>\n\t\t\t\t<\/div>\n\t\t\t\t\t<\/div>\n\t\t<\/div>\n\t\t\t\t<div class=\"elementor-column elementor-col-33 elementor-top-column elementor-element elementor-element-c5548ed\" data-id=\"c5548ed\" data-element_type=\"column\">\n\t\t\t<div class=\"elementor-widget-wrap elementor-element-populated\">\n\t\t\t\t\t\t<div class=\"elementor-element elementor-element-5c575fc elementor-widget elementor-widget-image\" data-id=\"5c575fc\" data-element_type=\"widget\" data-widget_type=\"image.default\">\n\t\t\t\t<div class=\"elementor-widget-container\">\n\t\t\t\t\t\t\t\t\t\t\t\t\t<img loading=\"lazy\" decoding=\"async\" width=\"540\" height=\"960\" src=\"https:\/\/salon-laura.com\/wp-content\/uploads\/2023\/04\/received_3561237730773847.jpeg\" class=\"attachment-large size-large wp-image-739\" alt=\"kreska makija\u017c pernametny\" srcset=\"https:\/\/salon-laura.com\/wp-content\/uploads\/2023\/04\/received_3561237730773847.jpeg 540w, https:\/\/salon-laura.com\/wp-content\/uploads\/2023\/04\/received_3561237730773847-169x300.jpeg 169w\" sizes=\"(max-width: 540px) 100vw, 540px\" \/>\t\t\t\t\t\t\t\t\t\t\t\t\t<\/div>\n\t\t\t\t<\/div>\n\t\t\t\t\t<\/div>\n\t\t<\/div>\n\t\t\t\t\t<\/div>\n\t\t<\/section>\n\t\t\t\t<\/div>\n\t\t","protected":false},"excerpt":{"rendered":"<p>Metoda pi\u00f3rkowa technologia Makija\u017c permanentny\u00a0brwi i ust Makija\u017c permanentny jest alternatyw\u0105 dla tradycyjnego makija\u017cu. Umo\u017cliwia on skorygowanie linii ust,\u00a0ich uwydatnienie i powi\u0119kszenie oraz wype\u0142nienie dowolnym kolorem.\u00a0Makija\u017c permanentny\u00a0s\u0142u\u017cy r\u00f3wnie\u017c do korekty brwi i linii oczu. Urz\u0105dzenia do makija\u017cu permanentnego mog\u0105 r\u00f3wnie\u017c s\u0142u\u017cy\u0107 do wykonania biotatua\u017cu.\u00a0Makija\u017c\u00a0permanentny\u00a0gwarantuje d\u0142ugoletni efekt upi\u0119kszaj\u0105cy, a jego podstaw\u0119 stanowi podsk\u00f3rna implantacja pigmentu na &hellip;<\/p>\n<p class=\"read-more\"> <a class=\"\" href=\"https:\/\/salon-laura.com\/?page_id=242\"> <span class=\"screen-reader-text\">Makijaz permanentny<\/span> Read More &raquo;<\/a><\/p>\n","protected":false},"author":1,"featured_media":0,"parent":0,"menu_order":0,"comment_status":"closed","ping_status":"closed","template":"","meta":{"site-sidebar-layout":"no-sidebar","site-content-layout":"page-builder","ast-global-header-display":"","ast-main-header-display":"","ast-hfb-above-header-display":"","ast-hfb-below-header-display":"","ast-hfb-mobile-header-display":"","site-post-title":"disabled","ast-breadcrumbs-content":"","ast-featured-img":"disabled","footer-sml-layout":"","theme-transparent-header-meta":"","adv-header-id-meta":"","stick-header-meta":"","header-above-stick-meta":"","header-main-stick-meta":"","header-below-stick-meta":"","footnotes":""},"class_list":["post-242","page","type-page","status-publish","hentry"],"_links":{"self":[{"href":"https:\/\/salon-laura.com\/index.php?rest_route=\/wp\/v2\/pages\/242","targetHints":{"allow":["GET"]}}],"collection":[{"href":"https:\/\/salon-laura.com\/index.php?rest_route=\/wp\/v2\/pages"}],"about":[{"href":"https:\/\/salon-laura.com\/index.php?rest_route=\/wp\/v2\/types\/page"}],"author":[{"embeddable":true,"href":"https:\/\/salon-laura.com\/index.php?rest_route=\/wp\/v2\/users\/1"}],"replies":[{"embeddable":true,"href":"https:\/\/salon-laura.com\/index.php?rest_route=%2Fwp%2Fv2%2Fcomments&post=242"}],"version-history":[{"count":65,"href":"https:\/\/salon-laura.com\/index.php?rest_route=\/wp\/v2\/pages\/242\/revisions"}],"predecessor-version":[{"id":764,"href":"https:\/\/salon-laura.com\/index.php?rest_route=\/wp\/v2\/pages\/242\/revisions\/764"}],"wp:attachment":[{"href":"https:\/\/salon-laura.com\/index.php?rest_route=%2Fwp%2Fv2%2Fmedia&parent=242"}],"curies":[{"name":"wp","href":"https:\/\/api.w.org\/{rel}","templated":true}]}}