{"id":683,"date":"2023-04-06T17:14:38","date_gmt":"2023-04-06T15:14:38","guid":{"rendered":"https:\/\/salon-laura.com\/?page_id=683"},"modified":"2023-04-27T12:00:52","modified_gmt":"2023-04-27T10:00:52","slug":"laser-emerge","status":"publish","type":"page","link":"https:\/\/salon-laura.com\/?page_id=683","title":{"rendered":"Laser EMERGE"},"content":{"rendered":"\t\t<div data-elementor-type=\"wp-page\" data-elementor-id=\"683\" class=\"elementor elementor-683\">\n\t\t\t\t\t\t<section class=\"elementor-section elementor-top-section elementor-element elementor-element-5c06182a elementor-section-boxed elementor-section-height-default elementor-section-height-default wpr-particle-no wpr-jarallax-no wpr-parallax-no wpr-sticky-section-no\" data-id=\"5c06182a\" data-element_type=\"section\">\n\t\t\t\t\t\t<div class=\"elementor-container elementor-column-gap-default\">\n\t\t\t\t\t<div class=\"elementor-column elementor-col-100 elementor-top-column elementor-element elementor-element-30f288d3\" data-id=\"30f288d3\" data-element_type=\"column\">\n\t\t\t<div class=\"elementor-widget-wrap elementor-element-populated\">\n\t\t\t\t\t\t<div class=\"elementor-element elementor-element-c235f46 elementor-widget elementor-widget-text-editor\" data-id=\"c235f46\" data-element_type=\"widget\" data-widget_type=\"text-editor.default\">\n\t\t\t\t<div class=\"elementor-widget-container\">\n\t\t\t<style>\/*! elementor - v3.21.0 - 26-05-2024 *\/\n.elementor-widget-text-editor.elementor-drop-cap-view-stacked .elementor-drop-cap{background-color:#69727d;color:#fff}.elementor-widget-text-editor.elementor-drop-cap-view-framed .elementor-drop-cap{color:#69727d;border:3px solid;background-color:transparent}.elementor-widget-text-editor:not(.elementor-drop-cap-view-default) .elementor-drop-cap{margin-top:8px}.elementor-widget-text-editor:not(.elementor-drop-cap-view-default) .elementor-drop-cap-letter{width:1em;height:1em}.elementor-widget-text-editor .elementor-drop-cap{float:left;text-align:center;line-height:1;font-size:50px}.elementor-widget-text-editor .elementor-drop-cap-letter{display:inline-block}<\/style>\t\t\t\t<!-- wp:paragraph -->\n<p>Wiele schorze\u0144 dermatologicznych mo\u017ce przyczyni\u0107 si\u0119 do starzenia si\u0119 sk\u00f3ry jak \u0142agodne do umiarkowanych zmarszczek, pigment i nieprawid\u0142owo\u015bci fakturowych.&nbsp;Laser frakcyjny sk\u00f3ry nawierzchni to sprawdzone podej\u015bcie do odnowy sk\u00f3ry, kt\u00f3ra wykorzystuje microuderzenia wi\u0105zkami lasera do leczenia chorej tkanki.<\/p>\n<!-- \/wp:paragraph -->\n\n<!-- wp:paragraph -->\n<p>Nast\u0119poje naturalny proces gojenia, a nast\u0119pnie odbudowuje si\u0119 tkanka z nowego kolagenu i elastyny, kt\u00f3re s\u0105 budulcem do m\u0142odzie\u0144czego wygl\u0105du sk\u00f3ry.<\/p>\n<!-- \/wp:paragraph -->\n\n<!-- wp:paragraph -->\n<p>Palomar Emerge \u2122 Laser frakcyjny zapewnia nieablacyjne wyniki usuwania nask\u00f3rka.<\/p>\n<!-- \/wp:paragraph -->\n\n<!-- wp:paragraph -->\n<p>CO TO JEST EMERGE\u2122?<\/p>\n<!-- \/wp:paragraph -->\n\n<!-- wp:paragraph -->\n<p>Emerge\u2122 to laser frakcyjny ameryka\u0144skiej firmy PALOMAR przeznaczony do usuwania i redukcji powierzchownych niedoskona\u0142o\u015bci sk\u00f3ry.<\/p>\n<!-- \/wp:paragraph -->\n\n<!-- wp:paragraph -->\n<p>DLACZEGO WYBRA\u0106 EMERGE\u2122?<\/p>\n<!-- \/wp:paragraph -->\n\n<!-- wp:paragraph -->\n<p>Emerge\u2122 to zabieg wykonywany przy uzyciu specjalnie dobranej d\u0142ugo\u015bci lasera frakcyjnego. Jest on skierowany do tych os\u00f3b, kt\u00f3re borykaj\u0105 si\u0119 &nbsp;z problemem drobnych zmarszczek. Znakomicie sprawdza si\u0119 u pacjent\u00f3w chc\u0105cych pozby\u0107 si\u0119 charakterystycznych zmian wok\u00f3\u0142 oczu, tzw. kurzych \u0142apek.<\/p>\n<!-- \/wp:paragraph -->\n\n<!-- wp:paragraph -->\n<p>Zabieg laserem Emerge\u2122 eliminuje r\u00f3wnie\u017c drobne przebarwienia na sk\u00f3rze.<\/p>\n<!-- \/wp:paragraph -->\n\n<!-- wp:paragraph -->\n<p>JAK DZIA\u0141A EMERGE\u2122?<\/p>\n<!-- \/wp:paragraph -->\n\n<!-- wp:paragraph -->\n<p>Resurfacing sk\u00f3ry przy u\u017cyciu frakcyjnego lasera Emerge\u2122 stosuje energi\u0119 w postaci mikrowi\u0105zek \u015bwiat\u0142a, kt\u00f3re w kontrolowany spos\u00f3b uszkadzaj\u0105 wybrane obszary nask\u00f3rka i sk\u00f3ry w\u0142a\u015bciwej. Naturalny proces gojenia si\u0119 sk\u00f3ry prowokuje proces, w kt\u00f3rym uszkodzone kom\u00f3rki sk\u00f3ry zast\u0119powane s\u0105 przez now\u0105, zdrow\u0105 tkank\u0119. Efektem tego jest zdrowsza i m\u0142odsza sk\u00f3ra.<\/p>\n<!-- \/wp:paragraph -->\n\n<!-- wp:paragraph -->\n<p>JAK WYGL\u0104DA ZABIEG RESURFACINGU PRZY U\u017bYCIU LASERA EMERGE\u2122?<\/p>\n<!-- \/wp:paragraph -->\n\n<!-- wp:paragraph -->\n<p>Zabieg &nbsp;nie wymaga podania znieczulenia miejscowego. Po oczyszczeniu sk\u00f3ry g\u0142owica przyk\u0142adana jest do sk\u00f3ry pacjenta i po jej uruchomieniu w sk\u00f3r\u0119 wprowadzane s\u0105&nbsp; mikrowi\u0105zki \u015bwiat\u0142a, kt\u00f3re &nbsp;penetruj\u0105 sk\u00f3r\u0119 na poziomie powy\u017cej 1,5 mm. Im g\u0142\u0119bsze kolumny, tym wi\u0119ksza ilo\u015b\u0107 nowej tkanki.&nbsp; Skoagulowane z\u0142ogi kom\u00f3rkowe s\u0105 zast\u0119powane zregenerowan\u0105 tkank\u0105.<\/p>\n<!-- \/wp:paragraph -->\n\n<!-- wp:paragraph -->\n<p>Wi\u0119kszo\u015b\u0107 pacjent\u00f3w odczuwa minimalny dyskomfort w trakcie zabiegu i po jego zako\u0144czeniu. W niekt\u00f3rych przypadkach zaleca si\u0119 delikatne \u015brodki przeciwb\u00f3lowe podczas procedury i po jej zako\u0144czeniu.<\/p>\n<!-- \/wp:paragraph -->\n\n<!-- wp:paragraph -->\n<p>Wi\u0119kszo\u015b\u0107 z zabieg\u00f3w nie trwa d\u0142u\u017cej ni\u017c godzin\u0119. W zale\u017cno\u015bci od kondycji sk\u00f3ry, wystarczy jedna sesja lub zaleca si\u0119 wykonanie serii 3- 6 zabieg\u00f3w dla uzyskania najlepszych rezultat\u00f3w.<\/p>\n<!-- \/wp:paragraph -->\t\t\t\t\t\t<\/div>\n\t\t\t\t<\/div>\n\t\t\t\t\t<\/div>\n\t\t<\/div>\n\t\t\t\t\t<\/div>\n\t\t<\/section>\n\t\t\t\t<section class=\"elementor-section elementor-top-section elementor-element elementor-element-f20cf5a elementor-section-boxed elementor-section-height-default elementor-section-height-default wpr-particle-no wpr-jarallax-no wpr-parallax-no wpr-sticky-section-no\" data-id=\"f20cf5a\" data-element_type=\"section\">\n\t\t\t\t\t\t<div class=\"elementor-container elementor-column-gap-default\">\n\t\t\t\t\t<div class=\"elementor-column elementor-col-50 elementor-top-column elementor-element elementor-element-54fd943\" data-id=\"54fd943\" data-element_type=\"column\">\n\t\t\t<div class=\"elementor-widget-wrap elementor-element-populated\">\n\t\t\t\t\t\t<div class=\"elementor-element elementor-element-ce62ab5 elementor-widget elementor-widget-image\" data-id=\"ce62ab5\" data-element_type=\"widget\" data-widget_type=\"image.default\">\n\t\t\t\t<div class=\"elementor-widget-container\">\n\t\t\t<style>\/*! elementor - v3.21.0 - 26-05-2024 *\/\n.elementor-widget-image{text-align:center}.elementor-widget-image a{display:inline-block}.elementor-widget-image a img[src$=\".svg\"]{width:48px}.elementor-widget-image img{vertical-align:middle;display:inline-block}<\/style>\t\t\t\t\t\t\t\t\t\t<img fetchpriority=\"high\" decoding=\"async\" width=\"768\" height=\"1024\" src=\"https:\/\/salon-laura.com\/wp-content\/uploads\/2023\/04\/received_810877033562425-768x1024.jpeg\" class=\"attachment-large size-large wp-image-780\" alt=\"laser e-merge\" srcset=\"https:\/\/salon-laura.com\/wp-content\/uploads\/2023\/04\/received_810877033562425-768x1024.jpeg 768w, https:\/\/salon-laura.com\/wp-content\/uploads\/2023\/04\/received_810877033562425-225x300.jpeg 225w, https:\/\/salon-laura.com\/wp-content\/uploads\/2023\/04\/received_810877033562425-1152x1536.jpeg 1152w, https:\/\/salon-laura.com\/wp-content\/uploads\/2023\/04\/received_810877033562425.jpeg 1296w\" sizes=\"(max-width: 768px) 100vw, 768px\" \/>\t\t\t\t\t\t\t\t\t\t\t\t\t<\/div>\n\t\t\t\t<\/div>\n\t\t\t\t\t<\/div>\n\t\t<\/div>\n\t\t\t\t<div class=\"elementor-column elementor-col-50 elementor-top-column elementor-element elementor-element-28b887b\" data-id=\"28b887b\" data-element_type=\"column\">\n\t\t\t<div class=\"elementor-widget-wrap elementor-element-populated\">\n\t\t\t\t\t\t<div class=\"elementor-element elementor-element-03f2789 elementor-widget elementor-widget-image\" data-id=\"03f2789\" data-element_type=\"widget\" data-widget_type=\"image.default\">\n\t\t\t\t<div class=\"elementor-widget-container\">\n\t\t\t\t\t\t\t\t\t\t\t\t\t<img decoding=\"async\" width=\"416\" height=\"523\" src=\"https:\/\/salon-laura.com\/wp-content\/uploads\/2023\/04\/42475505_1142895402539601_9036294497075462144_n.jpg\" class=\"attachment-large size-large wp-image-816\" alt=\"\" srcset=\"https:\/\/salon-laura.com\/wp-content\/uploads\/2023\/04\/42475505_1142895402539601_9036294497075462144_n.jpg 416w, https:\/\/salon-laura.com\/wp-content\/uploads\/2023\/04\/42475505_1142895402539601_9036294497075462144_n-239x300.jpg 239w\" sizes=\"(max-width: 416px) 100vw, 416px\" \/>\t\t\t\t\t\t\t\t\t\t\t\t\t<\/div>\n\t\t\t\t<\/div>\n\t\t\t\t\t<\/div>\n\t\t<\/div>\n\t\t\t\t\t<\/div>\n\t\t<\/section>\n\t\t\t\t<\/div>\n\t\t","protected":false},"excerpt":{"rendered":"<p>Wiele schorze\u0144 dermatologicznych mo\u017ce przyczyni\u0107 si\u0119 do starzenia si\u0119 sk\u00f3ry jak \u0142agodne do umiarkowanych zmarszczek, pigment i nieprawid\u0142owo\u015bci fakturowych.&nbsp;Laser frakcyjny sk\u00f3ry nawierzchni to sprawdzone podej\u015bcie do odnowy sk\u00f3ry, kt\u00f3ra wykorzystuje microuderzenia wi\u0105zkami lasera do leczenia chorej tkanki. Nast\u0119poje naturalny proces gojenia, a nast\u0119pnie odbudowuje si\u0119 tkanka z nowego kolagenu i elastyny, kt\u00f3re s\u0105 budulcem do &hellip;<\/p>\n<p class=\"read-more\"> <a class=\"\" href=\"https:\/\/salon-laura.com\/?page_id=683\"> <span class=\"screen-reader-text\">Laser EMERGE<\/span> Read More &raquo;<\/a><\/p>\n","protected":false},"author":1,"featured_media":0,"parent":0,"menu_order":0,"comment_status":"closed","ping_status":"closed","template":"","meta":{"site-sidebar-layout":"default","site-content-layout":"default","ast-global-header-display":"","ast-main-header-display":"","ast-hfb-above-header-display":"","ast-hfb-below-header-display":"","ast-hfb-mobile-header-display":"","site-post-title":"","ast-breadcrumbs-content":"","ast-featured-img":"","footer-sml-layout":"","theme-transparent-header-meta":"","adv-header-id-meta":"","stick-header-meta":"","header-above-stick-meta":"","header-main-stick-meta":"","header-below-stick-meta":"","footnotes":""},"class_list":["post-683","page","type-page","status-publish","hentry"],"_links":{"self":[{"href":"https:\/\/salon-laura.com\/index.php?rest_route=\/wp\/v2\/pages\/683","targetHints":{"allow":["GET"]}}],"collection":[{"href":"https:\/\/salon-laura.com\/index.php?rest_route=\/wp\/v2\/pages"}],"about":[{"href":"https:\/\/salon-laura.com\/index.php?rest_route=\/wp\/v2\/types\/page"}],"author":[{"embeddable":true,"href":"https:\/\/salon-laura.com\/index.php?rest_route=\/wp\/v2\/users\/1"}],"replies":[{"embeddable":true,"href":"https:\/\/salon-laura.com\/index.php?rest_route=%2Fwp%2Fv2%2Fcomments&post=683"}],"version-history":[{"count":11,"href":"https:\/\/salon-laura.com\/index.php?rest_route=\/wp\/v2\/pages\/683\/revisions"}],"predecessor-version":[{"id":823,"href":"https:\/\/salon-laura.com\/index.php?rest_route=\/wp\/v2\/pages\/683\/revisions\/823"}],"wp:attachment":[{"href":"https:\/\/salon-laura.com\/index.php?rest_route=%2Fwp%2Fv2%2Fmedia&parent=683"}],"curies":[{"name":"wp","href":"https:\/\/api.w.org\/{rel}","templated":true}]}}