{"id":685,"date":"2023-04-06T17:15:22","date_gmt":"2023-04-06T15:15:22","guid":{"rendered":"https:\/\/salon-laura.com\/?page_id=685"},"modified":"2023-11-13T19:54:31","modified_gmt":"2023-11-13T18:54:31","slug":"laser-co2","status":"publish","type":"page","link":"https:\/\/salon-laura.com\/?page_id=685","title":{"rendered":"Laser Co2"},"content":{"rendered":"\t\t<div data-elementor-type=\"wp-page\" data-elementor-id=\"685\" class=\"elementor elementor-685\">\n\t\t\t\t\t\t<section class=\"elementor-section elementor-top-section elementor-element elementor-element-5da26c4e elementor-section-boxed elementor-section-height-default elementor-section-height-default wpr-particle-no wpr-jarallax-no wpr-parallax-no wpr-sticky-section-no\" data-id=\"5da26c4e\" data-element_type=\"section\">\n\t\t\t\t\t\t<div class=\"elementor-container elementor-column-gap-default\">\n\t\t\t\t\t<div class=\"elementor-column elementor-col-100 elementor-top-column elementor-element elementor-element-13a76b1c\" data-id=\"13a76b1c\" data-element_type=\"column\">\n\t\t\t<div class=\"elementor-widget-wrap elementor-element-populated\">\n\t\t\t\t\t\t<div class=\"elementor-element elementor-element-1825d51e elementor-widget elementor-widget-text-editor\" data-id=\"1825d51e\" data-element_type=\"widget\" data-widget_type=\"text-editor.default\">\n\t\t\t\t<div class=\"elementor-widget-container\">\n\t\t\t<style>\/*! elementor - v3.21.0 - 26-05-2024 *\/\n.elementor-widget-text-editor.elementor-drop-cap-view-stacked .elementor-drop-cap{background-color:#69727d;color:#fff}.elementor-widget-text-editor.elementor-drop-cap-view-framed .elementor-drop-cap{color:#69727d;border:3px solid;background-color:transparent}.elementor-widget-text-editor:not(.elementor-drop-cap-view-default) .elementor-drop-cap{margin-top:8px}.elementor-widget-text-editor:not(.elementor-drop-cap-view-default) .elementor-drop-cap-letter{width:1em;height:1em}.elementor-widget-text-editor .elementor-drop-cap{float:left;text-align:center;line-height:1;font-size:50px}.elementor-widget-text-editor .elementor-drop-cap-letter{display:inline-block}<\/style>\t\t\t\t<!-- wp:paragraph -->\n<p>\u00a0Wyj\u0105tkowe urz\u0105dzenie \u0142\u0105cz\u0105ce w sobie funkcje klasycznego lasera CO2\u00a0<br>z funkcj\u0105 frakcjonowania.<br>Pozwala na wykonywanie zabieg\u00f3w :<\/p>\n<!-- \/wp:paragraph -->\n\n<!-- wp:paragraph -->\n<p>resurfacing,<br>redukcja blizn potr\u0105dzikowych,<br>pooperacyjnych, przerostowych oraz zanikowych.<br>CO2 to tak\u017ce niezwykle skuteczne zabiegi usuwania znamion, brodawek, w\u0142\u00f3knik\u00f3w itp.<br>Laser wykorzystuje funkcj\u0119 SUPERPULSU oraz ULTRAPULSU, dzi\u0119ki czemu&nbsp;<br>nie dochodzi do uszkodzenia termicznego otaczaj\u0105cych tkanek,<br>a proces gojenia jest szybki i bezbolesny.<br>10 W Laser CO2 ma tak dobrane parametry, \u017ce nawet&nbsp;<br>przy intensywnych zabiegach<br>usuwania znamion wykorzystujemy jedynie 5-10 % mocy urz\u0105dzenia.<br>Nasz laser jako dodatkowy atut posiada specjaln\u0105 wi\u0105zk\u0119&nbsp;<br>promieniowania, kt\u00f3ra wizualnie okre\u015bla obszar na<br>kt\u00f3rym jest wykonywana procedura zabiegowa ( Aiming Beam 635nm )&nbsp;<br>pozwala to w spos\u00f3b jednoznaczny okre\u015bli\u0107 miejsca penetracji wi\u0105zki.<\/p>\n<!-- \/wp:paragraph -->\t\t\t\t\t\t<\/div>\n\t\t\t\t<\/div>\n\t\t\t\t<div class=\"elementor-element elementor-element-1d03300 elementor-widget elementor-widget-image\" data-id=\"1d03300\" data-element_type=\"widget\" data-widget_type=\"image.default\">\n\t\t\t\t<div class=\"elementor-widget-container\">\n\t\t\t<style>\/*! elementor - v3.21.0 - 26-05-2024 *\/\n.elementor-widget-image{text-align:center}.elementor-widget-image a{display:inline-block}.elementor-widget-image a img[src$=\".svg\"]{width:48px}.elementor-widget-image img{vertical-align:middle;display:inline-block}<\/style>\t\t\t\t\t\t\t\t\t\t<img fetchpriority=\"high\" decoding=\"async\" width=\"448\" height=\"534\" src=\"https:\/\/salon-laura.com\/wp-content\/uploads\/2023\/04\/42285091_1139490686213406_6169857972542373888_n.jpg\" class=\"attachment-large size-large wp-image-815\" alt=\"laser co2\" srcset=\"https:\/\/salon-laura.com\/wp-content\/uploads\/2023\/04\/42285091_1139490686213406_6169857972542373888_n.jpg 448w, https:\/\/salon-laura.com\/wp-content\/uploads\/2023\/04\/42285091_1139490686213406_6169857972542373888_n-252x300.jpg 252w\" sizes=\"(max-width: 448px) 100vw, 448px\" \/>\t\t\t\t\t\t\t\t\t\t\t\t\t<\/div>\n\t\t\t\t<\/div>\n\t\t\t\t<div class=\"elementor-element elementor-element-8da662f elementor-widget elementor-widget-image-gallery\" data-id=\"8da662f\" data-element_type=\"widget\" data-widget_type=\"image-gallery.default\">\n\t\t\t\t<div class=\"elementor-widget-container\">\n\t\t\t<style>\/*! elementor - v3.21.0 - 26-05-2024 *\/\n.elementor-image-gallery .gallery-item{display:inline-block;text-align:center;vertical-align:top;width:100%;max-width:100%;margin:0 auto}.elementor-image-gallery .gallery-item img{margin:0 auto}.elementor-image-gallery .gallery-item .gallery-caption{margin:0}.elementor-image-gallery figure img{display:block}.elementor-image-gallery figure figcaption{width:100%}.gallery-spacing-custom .elementor-image-gallery .gallery-icon{padding:0}@media (min-width:768px){.elementor-image-gallery .gallery-columns-2 .gallery-item{max-width:50%}.elementor-image-gallery .gallery-columns-3 .gallery-item{max-width:33.33%}.elementor-image-gallery .gallery-columns-4 .gallery-item{max-width:25%}.elementor-image-gallery .gallery-columns-5 .gallery-item{max-width:20%}.elementor-image-gallery .gallery-columns-6 .gallery-item{max-width:16.666%}.elementor-image-gallery .gallery-columns-7 .gallery-item{max-width:14.28%}.elementor-image-gallery .gallery-columns-8 .gallery-item{max-width:12.5%}.elementor-image-gallery .gallery-columns-9 .gallery-item{max-width:11.11%}.elementor-image-gallery .gallery-columns-10 .gallery-item{max-width:10%}}@media (min-width:480px) and (max-width:767px){.elementor-image-gallery .gallery.gallery-columns-2 .gallery-item,.elementor-image-gallery .gallery.gallery-columns-3 .gallery-item,.elementor-image-gallery .gallery.gallery-columns-4 .gallery-item,.elementor-image-gallery .gallery.gallery-columns-5 .gallery-item,.elementor-image-gallery .gallery.gallery-columns-6 .gallery-item,.elementor-image-gallery .gallery.gallery-columns-7 .gallery-item,.elementor-image-gallery .gallery.gallery-columns-8 .gallery-item,.elementor-image-gallery .gallery.gallery-columns-9 .gallery-item,.elementor-image-gallery .gallery.gallery-columns-10 .gallery-item{max-width:50%}}@media (max-width:479px){.elementor-image-gallery .gallery.gallery-columns-2 .gallery-item,.elementor-image-gallery .gallery.gallery-columns-3 .gallery-item,.elementor-image-gallery .gallery.gallery-columns-4 .gallery-item,.elementor-image-gallery .gallery.gallery-columns-5 .gallery-item,.elementor-image-gallery .gallery.gallery-columns-6 .gallery-item,.elementor-image-gallery .gallery.gallery-columns-7 .gallery-item,.elementor-image-gallery .gallery.gallery-columns-8 .gallery-item,.elementor-image-gallery .gallery.gallery-columns-9 .gallery-item,.elementor-image-gallery .gallery.gallery-columns-10 .gallery-item{max-width:100%}}<\/style>\t\t<div class=\"elementor-image-gallery\">\n\t\t\t<div id='gallery-1' class='gallery galleryid-685 gallery-columns-4 gallery-size-medium_large'><figure class='gallery-item'>\n\t\t\t<div class='gallery-icon landscape'>\n\t\t\t\t<a data-elementor-open-lightbox=\"yes\" data-elementor-lightbox-slideshow=\"8da662f\" data-elementor-lightbox-title=\"Screenshot_20230626_131238_Instagram\" data-e-action-hash=\"#elementor-action%3Aaction%3Dlightbox%26settings%3DeyJpZCI6OTE0LCJ1cmwiOiJodHRwczpcL1wvc2Fsb24tbGF1cmEuY29tXC93cC1jb250ZW50XC91cGxvYWRzXC8yMDIzXC8xMVwvU2NyZWVuc2hvdF8yMDIzMDYyNl8xMzEyMzhfSW5zdGFncmFtLmpwZyIsInNsaWRlc2hvdyI6IjhkYTY2MmYifQ%3D%3D\" href='https:\/\/salon-laura.com\/wp-content\/uploads\/2023\/11\/Screenshot_20230626_131238_Instagram.jpg'><img decoding=\"async\" width=\"768\" height=\"753\" src=\"https:\/\/salon-laura.com\/wp-content\/uploads\/2023\/11\/Screenshot_20230626_131238_Instagram-768x753.jpg\" class=\"attachment-medium_large size-medium_large\" alt=\"efekt po\" srcset=\"https:\/\/salon-laura.com\/wp-content\/uploads\/2023\/11\/Screenshot_20230626_131238_Instagram-768x753.jpg 768w, https:\/\/salon-laura.com\/wp-content\/uploads\/2023\/11\/Screenshot_20230626_131238_Instagram-300x294.jpg 300w, https:\/\/salon-laura.com\/wp-content\/uploads\/2023\/11\/Screenshot_20230626_131238_Instagram-1024x1004.jpg 1024w, https:\/\/salon-laura.com\/wp-content\/uploads\/2023\/11\/Screenshot_20230626_131238_Instagram.jpg 1080w\" sizes=\"(max-width: 768px) 100vw, 768px\" \/><\/a>\n\t\t\t<\/div><\/figure>\n\t\t<\/div>\n\t\t<\/div>\n\t\t\t\t<\/div>\n\t\t\t\t<\/div>\n\t\t\t\t\t<\/div>\n\t\t<\/div>\n\t\t\t\t\t<\/div>\n\t\t<\/section>\n\t\t\t\t<section class=\"elementor-section elementor-top-section elementor-element elementor-element-4364680 elementor-section-boxed elementor-section-height-default elementor-section-height-default wpr-particle-no wpr-jarallax-no wpr-parallax-no wpr-sticky-section-no\" data-id=\"4364680\" data-element_type=\"section\">\n\t\t\t\t\t\t<div class=\"elementor-container elementor-column-gap-default\">\n\t\t\t\t\t<div class=\"elementor-column elementor-col-100 elementor-top-column elementor-element elementor-element-02dd8a0\" data-id=\"02dd8a0\" data-element_type=\"column\">\n\t\t\t<div class=\"elementor-widget-wrap\">\n\t\t\t\t\t\t\t<\/div>\n\t\t<\/div>\n\t\t\t\t\t<\/div>\n\t\t<\/section>\n\t\t\t\t<\/div>\n\t\t","protected":false},"excerpt":{"rendered":"<p>\u00a0Wyj\u0105tkowe urz\u0105dzenie \u0142\u0105cz\u0105ce w sobie funkcje klasycznego lasera CO2\u00a0z funkcj\u0105 frakcjonowania.Pozwala na wykonywanie zabieg\u00f3w : resurfacing,redukcja blizn potr\u0105dzikowych,pooperacyjnych, przerostowych oraz zanikowych.CO2 to tak\u017ce niezwykle skuteczne zabiegi usuwania znamion, brodawek, w\u0142\u00f3knik\u00f3w itp.Laser wykorzystuje funkcj\u0119 SUPERPULSU oraz ULTRAPULSU, dzi\u0119ki czemu&nbsp;nie dochodzi do uszkodzenia termicznego otaczaj\u0105cych tkanek,a proces gojenia jest szybki i bezbolesny.10 W Laser CO2 ma tak &hellip;<\/p>\n<p class=\"read-more\"> <a class=\"\" href=\"https:\/\/salon-laura.com\/?page_id=685\"> <span class=\"screen-reader-text\">Laser Co2<\/span> Read More &raquo;<\/a><\/p>\n","protected":false},"author":1,"featured_media":0,"parent":0,"menu_order":0,"comment_status":"closed","ping_status":"closed","template":"","meta":{"site-sidebar-layout":"default","site-content-layout":"default","ast-global-header-display":"","ast-main-header-display":"","ast-hfb-above-header-display":"","ast-hfb-below-header-display":"","ast-hfb-mobile-header-display":"","site-post-title":"","ast-breadcrumbs-content":"","ast-featured-img":"","footer-sml-layout":"","theme-transparent-header-meta":"","adv-header-id-meta":"","stick-header-meta":"","header-above-stick-meta":"","header-main-stick-meta":"","header-below-stick-meta":"","footnotes":""},"class_list":["post-685","page","type-page","status-publish","hentry"],"_links":{"self":[{"href":"https:\/\/salon-laura.com\/index.php?rest_route=\/wp\/v2\/pages\/685","targetHints":{"allow":["GET"]}}],"collection":[{"href":"https:\/\/salon-laura.com\/index.php?rest_route=\/wp\/v2\/pages"}],"about":[{"href":"https:\/\/salon-laura.com\/index.php?rest_route=\/wp\/v2\/types\/page"}],"author":[{"embeddable":true,"href":"https:\/\/salon-laura.com\/index.php?rest_route=\/wp\/v2\/users\/1"}],"replies":[{"embeddable":true,"href":"https:\/\/salon-laura.com\/index.php?rest_route=%2Fwp%2Fv2%2Fcomments&post=685"}],"version-history":[{"count":10,"href":"https:\/\/salon-laura.com\/index.php?rest_route=\/wp\/v2\/pages\/685\/revisions"}],"predecessor-version":[{"id":917,"href":"https:\/\/salon-laura.com\/index.php?rest_route=\/wp\/v2\/pages\/685\/revisions\/917"}],"wp:attachment":[{"href":"https:\/\/salon-laura.com\/index.php?rest_route=%2Fwp%2Fv2%2Fmedia&parent=685"}],"curies":[{"name":"wp","href":"https:\/\/api.w.org\/{rel}","templated":true}]}}