{"id":689,"date":"2023-04-06T17:24:55","date_gmt":"2023-04-06T15:24:55","guid":{"rendered":"https:\/\/salon-laura.com\/?page_id=689"},"modified":"2023-04-06T17:24:55","modified_gmt":"2023-04-06T15:24:55","slug":"laser-ipl","status":"publish","type":"page","link":"https:\/\/salon-laura.com\/?page_id=689","title":{"rendered":"Laser IPL"},"content":{"rendered":"\n<p> emituje \u0142agodn\u0105 wi\u0105zk\u0119 promieni, \/nie wp\u0142ywa na funkcje organizmu\/ przenikaj\u0105c\u0105 przez sk\u00f3r\u0119 a\u017c do mieszka w\u0142osowego,\u00a0niszcz\u0105c cebulk\u0119. Nie powoduje uszkodzenia sk\u00f3ry !!! Niestety wszystkie w\u0142osy nie rosn\u0105 r\u00f3wnocze\u015bnie. Cz\u0119\u015b\u0107 z nich znajduje si\u0119 w fazie wzrostu (s\u0105 to w\u0142osy widoczne na sk\u00f3rze) i to w\u0142a\u015bnie one reaguj\u0105 na \u015bwiat\u0142o lasera. Pozosta\u0142e w\u0142osy s\u0105 w fazie &#8222;u\u015bpienia&#8221;, kt\u00f3ra ma r\u00f3\u017cny okres trwania (3-8 tygodni). Po tym okresie zaczyna si\u0119 aktywny etap wzrostu w\u0142osa, dlatego te\u017c zabiegi musz\u0105 by\u0107 powt\u00f3rzone minimum 3-4 razy, aby usun\u0105\u0107 prawie wszystkie w\u0142osy. Trwale zostaje usuni\u0119te ow\u0142osienie z wi\u0119kszych powierzchni takich jak np. nogi czy plecy u m\u0119\u017cczyzn.<\/p>\n\n\n\n<p>Nale\u017cy wiedzie\u0107 \u017ce \u2026..<\/p>\n\n\n\n<p>W\u0142osy nie rosn\u0105 r\u00f3wnocze\u015bnie. Cz\u0119\u015b\u0107 z nich znajduje si\u0119 w fazie wzrostu i to w\u0142a\u015bnie one reaguj\u0105 na \u015bwiat\u0142o IPL. Pozosta\u0142e w\u0142osy s\u0105 w fazie \u201e u\u015bpienia\u201d, kt\u00f3ra ma r\u00f3\u017cne okresy trwania \/3-8 tygodni\/. Po tym okresie zaczyna si\u0119 aktywny etap wzrostu w\u0142osa. Dlatego te\u017c , aby usun\u0105\u0107 wi\u0119kszo\u015b\u0107 ow\u0142osienia zabiegi musz\u0105 by\u0107 powtarzane minimum 3-4 razy.<\/p>\n\n\n\n<p>Przed zabiegiem w\u0142osy powinny by\u0107 usuni\u0119te \/golarka, krem depilacyjny\/<\/p>\n\n\n\n<p>Przez ca\u0142y okres leczenia nie nale\u017cy usuwa\u0107 ow\u0142osienia woskiem, depilatorem.<\/p>\n\n\n\n<p>Nie nale\u017cy si\u0119 opala\u0107 \/solarium, s\u0142o\u0144ce\/<\/p>\n\n\n\n<p>Nie nale\u017cy pi\u0107 zi\u00f3\u0142 z nagietka, dziurawca oko\u0142o 2-3 tyg. przed zabiegiem<\/p>\n\n\n\n<p>Nie nale\u017cy stosowa\u0107 lek\u00f3w \u015bwiat\u0142ouczulaj\u0105cych \/np. tetracykliny\/<\/p>\n\n\n\n<p>OW\u0141OSIENIE MO\u017bEMY USUWA\u0106 NA R\u00d3\u017bNYCH CZ\u0118\u015aCIACH CIA\u0141A:<\/p>\n\n\n\n<p>&#8211; G\u00f3rna warga<br>&#8211; Broda<br>&#8211; Szyja<br>&#8211; Baki<br>&#8211; Policzki<br>&#8211; Kark<br>&#8211; Plecy<br>&#8211; Ow\u0142osienie wok\u00f3\u0142 brodawek<br>&#8211; Tors<br>&#8211; Przedramiona<br>&#8211; Brzuch<br>&#8211; Bikini<br>&#8211; Pachy<br>&#8211; Nogi itd.<\/p>\n","protected":false},"excerpt":{"rendered":"<p>emituje \u0142agodn\u0105 wi\u0105zk\u0119 promieni, \/nie wp\u0142ywa na funkcje organizmu\/ przenikaj\u0105c\u0105 przez sk\u00f3r\u0119 a\u017c do mieszka w\u0142osowego,\u00a0niszcz\u0105c cebulk\u0119. Nie powoduje uszkodzenia sk\u00f3ry !!! Niestety wszystkie w\u0142osy nie rosn\u0105 r\u00f3wnocze\u015bnie. Cz\u0119\u015b\u0107 z nich znajduje si\u0119 w fazie wzrostu (s\u0105 to w\u0142osy widoczne na sk\u00f3rze) i to w\u0142a\u015bnie one reaguj\u0105 na \u015bwiat\u0142o lasera. Pozosta\u0142e w\u0142osy s\u0105 w fazie &hellip;<\/p>\n<p class=\"read-more\"> <a class=\"\" href=\"https:\/\/salon-laura.com\/?page_id=689\"> <span class=\"screen-reader-text\">Laser IPL<\/span> Read More &raquo;<\/a><\/p>\n","protected":false},"author":1,"featured_media":0,"parent":0,"menu_order":0,"comment_status":"closed","ping_status":"closed","template":"","meta":{"site-sidebar-layout":"default","site-content-layout":"default","ast-global-header-display":"","ast-main-header-display":"","ast-hfb-above-header-display":"","ast-hfb-below-header-display":"","ast-hfb-mobile-header-display":"","site-post-title":"","ast-breadcrumbs-content":"","ast-featured-img":"","footer-sml-layout":"","theme-transparent-header-meta":"","adv-header-id-meta":"","stick-header-meta":"","header-above-stick-meta":"","header-main-stick-meta":"","header-below-stick-meta":"","footnotes":""},"class_list":["post-689","page","type-page","status-publish","hentry"],"_links":{"self":[{"href":"https:\/\/salon-laura.com\/index.php?rest_route=\/wp\/v2\/pages\/689","targetHints":{"allow":["GET"]}}],"collection":[{"href":"https:\/\/salon-laura.com\/index.php?rest_route=\/wp\/v2\/pages"}],"about":[{"href":"https:\/\/salon-laura.com\/index.php?rest_route=\/wp\/v2\/types\/page"}],"author":[{"embeddable":true,"href":"https:\/\/salon-laura.com\/index.php?rest_route=\/wp\/v2\/users\/1"}],"replies":[{"embeddable":true,"href":"https:\/\/salon-laura.com\/index.php?rest_route=%2Fwp%2Fv2%2Fcomments&post=689"}],"version-history":[{"count":1,"href":"https:\/\/salon-laura.com\/index.php?rest_route=\/wp\/v2\/pages\/689\/revisions"}],"predecessor-version":[{"id":690,"href":"https:\/\/salon-laura.com\/index.php?rest_route=\/wp\/v2\/pages\/689\/revisions\/690"}],"wp:attachment":[{"href":"https:\/\/salon-laura.com\/index.php?rest_route=%2Fwp%2Fv2%2Fmedia&parent=689"}],"curies":[{"name":"wp","href":"https:\/\/api.w.org\/{rel}","templated":true}]}}