{"id":694,"date":"2023-04-06T17:37:00","date_gmt":"2023-04-06T15:37:00","guid":{"rendered":"https:\/\/salon-laura.com\/?page_id=694"},"modified":"2023-04-27T12:02:47","modified_gmt":"2023-04-27T10:02:47","slug":"laser-q-switch","status":"publish","type":"page","link":"https:\/\/salon-laura.com\/?page_id=694","title":{"rendered":"Laser Q-SWITCH"},"content":{"rendered":"\t\t<div data-elementor-type=\"wp-page\" data-elementor-id=\"694\" class=\"elementor elementor-694\">\n\t\t\t\t\t\t<section class=\"elementor-section elementor-top-section elementor-element elementor-element-52a3b0b8 elementor-section-boxed elementor-section-height-default elementor-section-height-default wpr-particle-no wpr-jarallax-no wpr-parallax-no wpr-sticky-section-no\" data-id=\"52a3b0b8\" data-element_type=\"section\">\n\t\t\t\t\t\t<div class=\"elementor-container elementor-column-gap-default\">\n\t\t\t\t\t<div class=\"elementor-column elementor-col-100 elementor-top-column elementor-element elementor-element-ec7b945\" data-id=\"ec7b945\" data-element_type=\"column\">\n\t\t\t<div class=\"elementor-widget-wrap elementor-element-populated\">\n\t\t\t\t\t\t<div class=\"elementor-element elementor-element-45c690 elementor-widget elementor-widget-text-editor\" data-id=\"45c690\" data-element_type=\"widget\" data-widget_type=\"text-editor.default\">\n\t\t\t\t<div class=\"elementor-widget-container\">\n\t\t\t<style>\/*! elementor - v3.21.0 - 26-05-2024 *\/\n.elementor-widget-text-editor.elementor-drop-cap-view-stacked .elementor-drop-cap{background-color:#69727d;color:#fff}.elementor-widget-text-editor.elementor-drop-cap-view-framed .elementor-drop-cap{color:#69727d;border:3px solid;background-color:transparent}.elementor-widget-text-editor:not(.elementor-drop-cap-view-default) .elementor-drop-cap{margin-top:8px}.elementor-widget-text-editor:not(.elementor-drop-cap-view-default) .elementor-drop-cap-letter{width:1em;height:1em}.elementor-widget-text-editor .elementor-drop-cap{float:left;text-align:center;line-height:1;font-size:50px}.elementor-widget-text-editor .elementor-drop-cap-letter{display:inline-block}<\/style>\t\t\t\t<!-- wp:heading -->\n<h2 class=\"wp-block-heading\"><\/h2>\n<!-- \/wp:heading -->\n\n<!-- wp:paragraph -->\n<p>Najnowocze\u015bniejsza technologia zastosowana w laserze&nbsp;Q-Switch&nbsp;&nbsp;pozwala na wykonanie niezwykle skutecznych zabieg\u00f3w&nbsp;usuni\u0119cia tatua\u017cy, przebarwie\u0144 oraz zamykania naczy\u0144 krwiono\u015bnych.<\/p>\n<!-- \/wp:paragraph -->\n\n<!-- wp:paragraph -->\n<p>Laser neodymowo-yagowy Q-Switch wytwarza monochromatyczne, d\u0142ugo pulsuj\u0105ce \u015bwiat\u0142o laserowe o d\u0142ugo\u015bci fali 1064 nm. Taka d\u0142ugo\u015b\u0107 fali, bardzo skutecznie oddzia\u0142uje na fototermoliz\u0119,&nbsp;co zosta\u0142o potwierdzone poprzez liczne badania kliniczne.<\/p>\n<!-- \/wp:paragraph -->\n\n<!-- wp:paragraph -->\n<p>&nbsp;&nbsp;Wskazania do terapii:<\/p>\n<!-- \/wp:paragraph -->\n\n<!-- wp:paragraph -->\n<p>&nbsp;&nbsp;&nbsp;&nbsp;1. Usuwanie tatua\u017cy ciemnych jak i kolorowych- makija\u017c permanentny.<\/p>\n<!-- \/wp:paragraph -->\n\n<!-- wp:paragraph -->\n<p>&nbsp;&nbsp;&nbsp;&nbsp;2. Zamykanie ma\u0142ych naczy\u0144 krwiono\u015bnych.<\/p>\n<!-- \/wp:paragraph -->\n\n<!-- wp:paragraph -->\n<p>&nbsp;&nbsp;&nbsp;&nbsp;3. Usuwanie pieg\u00f3w i przebarwie\u0144.<\/p>\n<!-- \/wp:paragraph -->\n\n<!-- wp:paragraph -->\n<p>&nbsp;&nbsp;&nbsp;&nbsp;4. Usuwanie blizn i znamion.<\/p>\n<!-- \/wp:paragraph -->\n\n<!-- wp:image -->\n<figure class=\"wp-block-image\"><img decoding=\"async\" src=\"..\/image-laser\/q-switch.jpg\" alt=\"\"\/><\/figure>\n<!-- \/wp:image -->\n\n<!-- wp:paragraph -->\n<p>Jak to dzia\u0142a?<\/p>\n<!-- \/wp:paragraph -->\n\n<!-- wp:paragraph -->\n<p>Mechanizm dzia\u0142ania lasera polega na podgrzaniu barwnika umiejscowionego w sk\u00f3rze, dzi\u0119ki &nbsp;czemu&nbsp;nast\u0119puje&nbsp;rozbicie kom\u00f3rek w kt\u00f3rych zawarty jest barwnik. Rozbity pigment zostaje poch\u0142oni\u0119ty przez makrofagi a pozosta\u0142o\u015bci&nbsp;przesuwane&nbsp;s\u0105 ku g\u00f3rze nask\u00f3rka. Podczas trwania kolejnych sesji zabiegowych proces powtarza si\u0119, a\u017c do osi\u0105gni\u0119cia&nbsp;zadowalaj\u0105cych&nbsp; dla klienta efekt\u00f3w.<\/p>\n<!-- \/wp:paragraph -->\n\n<!-- wp:paragraph -->\n<p>Miejsce poddane dzia\u0142aniu lasera&nbsp;staje si\u0119 bia\u0142e, po ok.1 h &nbsp;robi si\u0119 czerwone, powsta\u0107 r\u00f3wnie\u017c mo\u017ce&nbsp;obrz\u0119k, kt\u00f3ry samoistnie zanika po 2-3 dniach. Obrz\u0119k ten sygnalizuje nam, i\u017c barwnik zosta\u0142 trafiony wi\u0105zk\u0105 lasera. Zabieg powtarzamy po ok.6-8 tygodni.<\/p>\n<!-- \/wp:paragraph -->\n\n<!-- wp:paragraph -->\n<p>Laser Q-Switch&nbsp;posiada precyzyjny uk\u0142ad kontroluj\u0105cy wi\u0105zk\u0119 zar\u00f3wno po wyj\u015bciu z kryszta\u0142u jak i &nbsp; po&nbsp;przej\u015bciu&nbsp;&nbsp;przez uk\u0142ad optyczny, a emitowana wi\u0105zka \u015bwiat\u0142a bardzo dok\u0142adnie i r\u00f3wnomiernie rozbija&nbsp;barwnik znajduj\u0105cy si\u0119 pod sk\u00f3r\u0105.<\/p>\n<!-- \/wp:paragraph -->\n\n<!-- wp:paragraph -->\n<p>Dodatkowym atutem&nbsp;urz\u0105dzenia&nbsp;jest r\u00f3wnomierna moc. Urz\u0105dzenie posiada dwa filtry r\u00f3\u017cnej d\u0142ugo\u015bci, dlatego&nbsp;mo\u017cna&nbsp;wykorzysta\u0107 go do du\u017cej ilo\u015bci zabieg\u00f3w.<\/p>\n<!-- \/wp:paragraph -->\n\n<!-- wp:image -->\n<figure class=\"wp-block-image\"><img decoding=\"async\" src=\"..\/laser_q\/salonlaura0.jpg\" alt=\"\"\/><\/figure>\n<!-- \/wp:image -->\n\n<!-- wp:paragraph -->\n<p>Liczba zabieg\u00f3w zale\u017cy od:<\/p>\n<!-- \/wp:paragraph -->\n\n<!-- wp:paragraph -->\n<p>&#8211;&nbsp;koloru przebarwienia\/tatua\u017cu<\/p>\n<!-- \/wp:paragraph -->\n\n<!-- wp:paragraph -->\n<p>&#8211; wielko\u015bci\/g\u0119sto\u015bci zawartego w kom\u00f3rkach sk\u00f3ry barwnika<\/p>\n<!-- \/wp:paragraph -->\n\n<!-- wp:paragraph -->\n<p>&#8211; typu przebarwienia\/barwnika<\/p>\n<!-- \/wp:paragraph -->\n\n<!-- wp:paragraph -->\n<p>&#8211; g\u0119sto\u015b\u0107 osadzania pigmentu<\/p>\n<!-- \/wp:paragraph -->\n\n<!-- wp:paragraph -->\n<p>&#8211; koloru sk\u00f3ry (im mniej opalona sk\u00f3ra tym&nbsp;bezpieczny oraz efektywny zabieg)<\/p>\n<!-- \/wp:paragraph -->\n\n<!-- wp:paragraph -->\n<p>&#8211; indywidualnej reakcji uk\u0142adu immunologicznego na laser<\/p>\n<!-- \/wp:paragraph -->\n\n<!-- wp:image -->\n<figure class=\"wp-block-image\"><img decoding=\"async\" src=\"..\/certyfikaty\/salon-laura.com_laser-q.jpg\" alt=\"\"\/><\/figure>\n<!-- \/wp:image -->\t\t\t\t\t\t<\/div>\n\t\t\t\t<\/div>\n\t\t\t\t\t<\/div>\n\t\t<\/div>\n\t\t\t\t\t<\/div>\n\t\t<\/section>\n\t\t\t\t<section class=\"elementor-section elementor-top-section elementor-element elementor-element-1f035d3 elementor-section-boxed elementor-section-height-default elementor-section-height-default wpr-particle-no wpr-jarallax-no wpr-parallax-no wpr-sticky-section-no\" data-id=\"1f035d3\" data-element_type=\"section\">\n\t\t\t\t\t\t<div class=\"elementor-container elementor-column-gap-default\">\n\t\t\t\t\t<div class=\"elementor-column elementor-col-100 elementor-top-column elementor-element elementor-element-71015ad\" data-id=\"71015ad\" data-element_type=\"column\">\n\t\t\t<div class=\"elementor-widget-wrap elementor-element-populated\">\n\t\t\t\t\t\t<div class=\"elementor-element elementor-element-bb0d095 elementor-widget elementor-widget-image\" data-id=\"bb0d095\" data-element_type=\"widget\" data-widget_type=\"image.default\">\n\t\t\t\t<div class=\"elementor-widget-container\">\n\t\t\t<style>\/*! elementor - v3.21.0 - 26-05-2024 *\/\n.elementor-widget-image{text-align:center}.elementor-widget-image a{display:inline-block}.elementor-widget-image a img[src$=\".svg\"]{width:48px}.elementor-widget-image img{vertical-align:middle;display:inline-block}<\/style>\t\t\t\t\t\t\t\t\t\t<img fetchpriority=\"high\" decoding=\"async\" width=\"442\" height=\"405\" src=\"https:\/\/salon-laura.com\/wp-content\/uploads\/2023\/04\/42559785_1142914529204355_5633713988052189184_n.jpg\" class=\"attachment-large size-large wp-image-817\" alt=\"\" srcset=\"https:\/\/salon-laura.com\/wp-content\/uploads\/2023\/04\/42559785_1142914529204355_5633713988052189184_n.jpg 442w, https:\/\/salon-laura.com\/wp-content\/uploads\/2023\/04\/42559785_1142914529204355_5633713988052189184_n-300x275.jpg 300w\" sizes=\"(max-width: 442px) 100vw, 442px\" \/>\t\t\t\t\t\t\t\t\t\t\t\t\t<\/div>\n\t\t\t\t<\/div>\n\t\t\t\t\t<\/div>\n\t\t<\/div>\n\t\t\t\t\t<\/div>\n\t\t<\/section>\n\t\t\t\t<\/div>\n\t\t","protected":false},"excerpt":{"rendered":"<p>Najnowocze\u015bniejsza technologia zastosowana w laserze&nbsp;Q-Switch&nbsp;&nbsp;pozwala na wykonanie niezwykle skutecznych zabieg\u00f3w&nbsp;usuni\u0119cia tatua\u017cy, przebarwie\u0144 oraz zamykania naczy\u0144 krwiono\u015bnych. Laser neodymowo-yagowy Q-Switch wytwarza monochromatyczne, d\u0142ugo pulsuj\u0105ce \u015bwiat\u0142o laserowe o d\u0142ugo\u015bci fali 1064 nm. Taka d\u0142ugo\u015b\u0107 fali, bardzo skutecznie oddzia\u0142uje na fototermoliz\u0119,&nbsp;co zosta\u0142o potwierdzone poprzez liczne badania kliniczne. &nbsp;&nbsp;Wskazania do terapii: &nbsp;&nbsp;&nbsp;&nbsp;1. Usuwanie tatua\u017cy ciemnych jak i kolorowych- makija\u017c &hellip;<\/p>\n<p class=\"read-more\"> <a class=\"\" href=\"https:\/\/salon-laura.com\/?page_id=694\"> <span class=\"screen-reader-text\">Laser Q-SWITCH<\/span> Read More &raquo;<\/a><\/p>\n","protected":false},"author":1,"featured_media":0,"parent":0,"menu_order":0,"comment_status":"closed","ping_status":"closed","template":"","meta":{"site-sidebar-layout":"default","site-content-layout":"default","ast-global-header-display":"","ast-main-header-display":"","ast-hfb-above-header-display":"","ast-hfb-below-header-display":"","ast-hfb-mobile-header-display":"","site-post-title":"","ast-breadcrumbs-content":"","ast-featured-img":"","footer-sml-layout":"","theme-transparent-header-meta":"","adv-header-id-meta":"","stick-header-meta":"","header-above-stick-meta":"","header-main-stick-meta":"","header-below-stick-meta":"","footnotes":""},"class_list":["post-694","page","type-page","status-publish","hentry"],"_links":{"self":[{"href":"https:\/\/salon-laura.com\/index.php?rest_route=\/wp\/v2\/pages\/694","targetHints":{"allow":["GET"]}}],"collection":[{"href":"https:\/\/salon-laura.com\/index.php?rest_route=\/wp\/v2\/pages"}],"about":[{"href":"https:\/\/salon-laura.com\/index.php?rest_route=\/wp\/v2\/types\/page"}],"author":[{"embeddable":true,"href":"https:\/\/salon-laura.com\/index.php?rest_route=\/wp\/v2\/users\/1"}],"replies":[{"embeddable":true,"href":"https:\/\/salon-laura.com\/index.php?rest_route=%2Fwp%2Fv2%2Fcomments&post=694"}],"version-history":[{"count":5,"href":"https:\/\/salon-laura.com\/index.php?rest_route=\/wp\/v2\/pages\/694\/revisions"}],"predecessor-version":[{"id":826,"href":"https:\/\/salon-laura.com\/index.php?rest_route=\/wp\/v2\/pages\/694\/revisions\/826"}],"wp:attachment":[{"href":"https:\/\/salon-laura.com\/index.php?rest_route=%2Fwp%2Fv2%2Fmedia&parent=694"}],"curies":[{"name":"wp","href":"https:\/\/api.w.org\/{rel}","templated":true}]}}